{"id":300,"date":"2025-02-23T08:06:58","date_gmt":"2025-02-23T08:06:58","guid":{"rendered":"https:\/\/nis-olawa.pl\/?page_id=300"},"modified":"2025-02-26T11:30:10","modified_gmt":"2025-02-26T11:30:10","slug":"dolacz-do-nas","status":"publish","type":"page","link":"https:\/\/nis-olawa.pl\/?page_id=300","title":{"rendered":"DO\u0141\u0104CZ DO NAS"},"content":{"rendered":"\t\t<div data-elementor-type=\"wp-page\" data-elementor-id=\"300\" class=\"elementor elementor-300\">\n\t\t\t\t<div class=\"elementor-element elementor-element-e842da2 e-flex e-con-boxed e-con e-parent\" data-id=\"e842da2\" data-element_type=\"container\">\n\t\t\t\t\t<div class=\"e-con-inner\">\n\t\t<div class=\"elementor-element elementor-element-f9effa6 e-con-full e-flex e-con e-child\" data-id=\"f9effa6\" data-element_type=\"container\">\n\t\t\t\t<div class=\"elementor-element elementor-element-05750fb elementor-widget elementor-widget-text-editor\" data-id=\"05750fb\" data-element_type=\"widget\" data-widget_type=\"text-editor.default\">\n\t\t\t\t<div class=\"elementor-widget-container\">\n\t\t\t\t\t\t\t\t\t<p>Zapraszamy do Stowarzyszenia Niezale\u017cnej Inicjatywy Spo\u0142ecznej.<\/p><p>W tym celu prosimy o wype\u0142nienie poni\u017cszej deklaracji i przes\u0142anie je przez dost\u0119pny formularz lub na adres <a href=\"mailto:niezaleznainicjatywaspoleczna@gmail.com\">niezaleznainicjatywaspoleczna@gmail.com<\/a><\/p><p><strong>|POBIERZ FORMULARZ|<\/strong><\/p>\t\t\t\t\t\t\t\t<\/div>\n\t\t\t\t<\/div>\n\t\t\t\t<div class=\"elementor-element elementor-element-8fac3a9 elementor-widget elementor-widget-image\" data-id=\"8fac3a9\" data-element_type=\"widget\" data-widget_type=\"image.default\">\n\t\t\t\t<div class=\"elementor-widget-container\">\n\t\t\t\t\t\t\t\t\t\t\t\t\t\t\t<img fetchpriority=\"high\" decoding=\"async\" width=\"1024\" height=\"768\" src=\"https:\/\/nis-olawa.pl\/wp-content\/uploads\/2025\/02\/IMG-20250207-WA0004_45_11zon-1-1024x768.jpg\" class=\"attachment-large size-large wp-image-212\" alt=\"\" srcset=\"https:\/\/nis-olawa.pl\/wp-content\/uploads\/2025\/02\/IMG-20250207-WA0004_45_11zon-1-1024x768.jpg 1024w, https:\/\/nis-olawa.pl\/wp-content\/uploads\/2025\/02\/IMG-20250207-WA0004_45_11zon-1-300x225.jpg 300w, https:\/\/nis-olawa.pl\/wp-content\/uploads\/2025\/02\/IMG-20250207-WA0004_45_11zon-1-768x576.jpg 768w, https:\/\/nis-olawa.pl\/wp-content\/uploads\/2025\/02\/IMG-20250207-WA0004_45_11zon-1.jpg 1080w\" sizes=\"(max-width: 1024px) 100vw, 1024px\" \/>\t\t\t\t\t\t\t\t\t\t\t\t\t\t\t<\/div>\n\t\t\t\t<\/div>\n\t\t\t\t<\/div>\n\t\t<div class=\"elementor-element elementor-element-bcf32b5 e-con-full e-flex e-con e-child\" data-id=\"bcf32b5\" data-element_type=\"container\">\n\t\t\t\t<div class=\"elementor-element elementor-element-9bd89c4 elementor-widget elementor-widget-shortcode\" data-id=\"9bd89c4\" data-element_type=\"widget\" data-widget_type=\"shortcode.default\">\n\t\t\t\t<div class=\"elementor-widget-container\">\n\t\t\t\t\t\t\t<div class=\"elementor-shortcode\">\n<div class=\"wpcf7 no-js\" id=\"wpcf7-f304-o1\" lang=\"pl-PL\" dir=\"ltr\" data-wpcf7-id=\"304\">\n<div class=\"screen-reader-response\"><p role=\"status\" aria-live=\"polite\" aria-atomic=\"true\"><\/p> <ul><\/ul><\/div>\n<form action=\"\/index.php?rest_route=%2Fwp%2Fv2%2Fpages%2F300#wpcf7-f304-o1\" method=\"post\" class=\"wpcf7-form init\" aria-label=\"Formularz kontaktowy\" enctype=\"multipart\/form-data\" novalidate=\"novalidate\" data-status=\"init\">\n<div style=\"display: none;\">\n<input type=\"hidden\" name=\"_wpcf7\" value=\"304\" \/>\n<input type=\"hidden\" name=\"_wpcf7_version\" value=\"6.0.4\" \/>\n<input type=\"hidden\" name=\"_wpcf7_locale\" value=\"pl_PL\" \/>\n<input type=\"hidden\" name=\"_wpcf7_unit_tag\" value=\"wpcf7-f304-o1\" \/>\n<input type=\"hidden\" name=\"_wpcf7_container_post\" value=\"0\" \/>\n<input type=\"hidden\" name=\"_wpcf7_posted_data_hash\" value=\"\" \/>\n<\/div>\n<p><label> Twoje imi\u0119 i nazwisko<br \/>\n<span class=\"wpcf7-form-control-wrap\" data-name=\"your-name\"><input size=\"40\" maxlength=\"400\" class=\"wpcf7-form-control wpcf7-text wpcf7-validates-as-required\" autocomplete=\"name\" aria-required=\"true\" aria-invalid=\"false\" value=\"\" type=\"text\" name=\"your-name\" \/><\/span> <\/label>\n<\/p>\n<p><label> Tw\u00f3j adres e-mail<br \/>\n<span class=\"wpcf7-form-control-wrap\" data-name=\"your-email\"><input size=\"40\" maxlength=\"400\" class=\"wpcf7-form-control wpcf7-email wpcf7-validates-as-required wpcf7-text wpcf7-validates-as-email\" autocomplete=\"email\" aria-required=\"true\" aria-invalid=\"false\" value=\"\" type=\"email\" name=\"your-email\" \/><\/span> <\/label>\n<\/p>\n<p><label> Temat<br \/>\n<span class=\"wpcf7-form-control-wrap\" data-name=\"your-subject\"><input size=\"40\" maxlength=\"400\" class=\"wpcf7-form-control wpcf7-text wpcf7-validates-as-required\" aria-required=\"true\" aria-invalid=\"false\" value=\"\" type=\"text\" name=\"your-subject\" \/><\/span> <\/label>\n<\/p>\n<p><label> Twoja wiadomo\u015bci (opcjonalne)<br \/>\n<span class=\"wpcf7-form-control-wrap\" data-name=\"your-message\"><textarea cols=\"40\" rows=\"10\" maxlength=\"2000\" class=\"wpcf7-form-control wpcf7-textarea\" aria-invalid=\"false\" name=\"your-message\"><\/textarea><\/span> <\/label><br \/>\n<span class=\"wpcf7-form-control-wrap\" data-name=\"file-20\"><input size=\"40\" class=\"wpcf7-form-control wpcf7-file\" accept=\"audio\/*,video\/*,image\/*\" aria-invalid=\"false\" type=\"file\" name=\"file-20\" \/><\/span>\n<\/p>\n<p><input class=\"wpcf7-form-control wpcf7-submit has-spinner\" type=\"submit\" value=\"Wy\u015blij\" \/>\n<\/p><div class=\"wpcf7-response-output\" aria-hidden=\"true\"><\/div>\n<\/form>\n<\/div>\n<\/div>\n\t\t\t\t\t\t<\/div>\n\t\t\t\t<\/div>\n\t\t\t\t<\/div>\n\t\t\t\t\t<\/div>\n\t\t\t\t<\/div>\n\t\t\t\t<\/div>\n\t\t","protected":false},"excerpt":{"rendered":"<p>Zapraszamy do Stowarzyszenia Niezale\u017cnej Inicjatywy Spo\u0142ecznej. W tym celu prosimy o wype\u0142nienie poni\u017cszej deklaracji i przes\u0142anie je przez dost\u0119pny formularz lub na adres niezaleznainicjatywaspoleczna@gmail.com |POBIERZ FORMULARZ|<\/p>\n","protected":false},"author":1,"featured_media":0,"parent":0,"menu_order":0,"comment_status":"closed","ping_status":"closed","template":"","meta":{"footnotes":""},"class_list":["post-300","page","type-page","status-publish"],"_links":{"self":[{"href":"https:\/\/nis-olawa.pl\/index.php?rest_route=\/wp\/v2\/pages\/300","targetHints":{"allow":["GET"]}}],"collection":[{"href":"https:\/\/nis-olawa.pl\/index.php?rest_route=\/wp\/v2\/pages"}],"about":[{"href":"https:\/\/nis-olawa.pl\/index.php?rest_route=\/wp\/v2\/types\/page"}],"author":[{"embeddable":true,"href":"https:\/\/nis-olawa.pl\/index.php?rest_route=\/wp\/v2\/users\/1"}],"replies":[{"embeddable":true,"href":"https:\/\/nis-olawa.pl\/index.php?rest_route=%2Fwp%2Fv2%2Fcomments&post=300"}],"version-history":[{"count":5,"href":"https:\/\/nis-olawa.pl\/index.php?rest_route=\/wp\/v2\/pages\/300\/revisions"}],"predecessor-version":[{"id":308,"href":"https:\/\/nis-olawa.pl\/index.php?rest_route=\/wp\/v2\/pages\/300\/revisions\/308"}],"wp:attachment":[{"href":"https:\/\/nis-olawa.pl\/index.php?rest_route=%2Fwp%2Fv2%2Fmedia&parent=300"}],"curies":[{"name":"wp","href":"https:\/\/api.w.org\/{rel}","templated":true}]}}